{"id":5795,"date":"2020-01-02T09:28:08","date_gmt":"2020-01-02T14:28:08","guid":{"rendered":"https:\/\/vivasoftpro.com\/politique-de-confidentialite\/"},"modified":"2024-02-21T23:36:36","modified_gmt":"2024-02-22T04:36:36","slug":"politique-de-confidentialite","status":"publish","type":"page","link":"https:\/\/vivasoftpro.com\/fr\/politique-de-confidentialite\/","title":{"rendered":"Confidentialit\u00e9"},"content":{"rendered":"\t\t<div data-elementor-type=\"wp-page\" data-elementor-id=\"5795\" class=\"elementor elementor-5795 elementor-1370\">\n\t\t\t\t<div class=\"elementor-element elementor-element-729dc6e e-flex e-con-boxed e-con e-parent\" data-id=\"729dc6e\" data-element_type=\"container\" data-settings=\"{&quot;content_width&quot;:&quot;boxed&quot;}\" data-core-v316-plus=\"true\">\n\t\t\t\t\t<div class=\"e-con-inner\">\n\t\t\t\t<div class=\"elementor-element elementor-element-bb6e9b6 elementor-widget elementor-widget-iheading\" data-id=\"bb6e9b6\" data-element_type=\"widget\" data-widget_type=\"iheading.default\">\n\t\t\t\t<div class=\"elementor-widget-container\">\n\t\t\t\t\t<div class=\"ot-heading\">\r\n\t        \t            <span>Centre de confidentialit\u00e9<\/span>\r\n\t        <h2 class=\"main-heading\">Details sur les politiques de confidentialit\u00e9<\/h2>\t    <\/div>\r\n\t    \t\t<\/div>\n\t\t\t\t<\/div>\n\t\t\t\t<div class=\"elementor-element elementor-element-55dd300 elementor-widget elementor-widget-text-editor\" data-id=\"55dd300\" data-element_type=\"widget\" data-widget_type=\"text-editor.default\">\n\t\t\t\t<div class=\"elementor-widget-container\">\n\t\t\t<style>\/*! elementor - v3.19.0 - 07-02-2024 *\/\n.elementor-widget-text-editor.elementor-drop-cap-view-stacked .elementor-drop-cap{background-color:#69727d;color:#fff}.elementor-widget-text-editor.elementor-drop-cap-view-framed .elementor-drop-cap{color:#69727d;border:3px solid;background-color:transparent}.elementor-widget-text-editor:not(.elementor-drop-cap-view-default) .elementor-drop-cap{margin-top:8px}.elementor-widget-text-editor:not(.elementor-drop-cap-view-default) .elementor-drop-cap-letter{width:1em;height:1em}.elementor-widget-text-editor .elementor-drop-cap{float:left;text-align:center;line-height:1;font-size:50px}.elementor-widget-text-editor .elementor-drop-cap-letter{display:inline-block}<\/style>\t\t\t\t<p><strong>Politique de confidentialit\u00e9<\/strong><\/p>\n<p>Vivasoftpro Inc. et son groupe de soci\u00e9t\u00e9s (\u00ab Vivasoftpro \u00bb, \u00ab nous \u00bb, \u00ab notre \u00bb ou \u00ab nos \u00bb) s&rsquo;engagent \u00e0 prot\u00e9ger la confidentialit\u00e9 et la s\u00e9curit\u00e9 de vos informations.<\/p>\n<p>Le but de cette Politique de Confidentialit\u00e9 (la \u00ab Politique \u00bb) est de vous informer en tant qu&rsquo;utilisateur (\u00ab vous \u00bb, \u00ab votre \u00bb) de la mani\u00e8re dont nous collectons, utilisons et divulguons vos informations personnelles et de la mani\u00e8re dont ces informations personnelles peuvent \u00eatre consult\u00e9es et corrig\u00e9es lorsque n\u00e9cessaire. Cette politique explique \u00e9galement comment les cookies sont utilis\u00e9s sur notre site Web.<\/p>\n<p>En acc\u00e9dant, en visitant ou en utilisant <a href=\"https:\/\/www.vivasoftpro.com\">https:\/\/www.vivasoftpro.com<\/a> ou tout service associ\u00e9 (collectivement le \u00ab Site Web \u00bb), en nous contactant (par quelque moyen que ce soit) ou en acceptant de recevoir des e-mails de Vivasoftpro, vous acceptez les termes et conditions de ce Politique.<\/p>\n<p>En particulier, vous \u00eates invit\u00e9s \u00e0 lire la pr\u00e9sente Politique : de mani\u00e8re g\u00e9n\u00e9rale, lorsque vous naviguez sur le Site Internet ; avant de soumettre vos informations personnelles via le site Web.<\/p>\n<p>Si vous n&rsquo;acceptez pas que Vivasoftpro collecte, utilise et divulgue vos informations personnelles conform\u00e9ment \u00e0 la pr\u00e9sente Politique, veuillez ne nous fournir aucune information personnelle. Bien entendu, certains services ne peuvent vous \u00eatre propos\u00e9s que si vous fournissez de telles informations \u00e0 Vivasoftpro ; par cons\u00e9quent, Vivasoftpro pourrait ne pas \u00eatre en mesure de vous offrir de tels services si vous choisissez de ne pas fournir \u00e0 Vivasoftpro les informations personnelles n\u00e9cessaires.<\/p>\n<p><strong style=\"color: var( --e-global-color-text ); text-align: var(--text-align);\">1. Collecte de renseignements personnels<\/strong><\/p>\n<p>Nous collectons vos informations personnelles de plusieurs mani\u00e8res, notamment lorsque vous demandez des informations, saisissez des informations sur notre site Web, soumettez une candidature \u00e0 des fins de recrutement sur notre site Web ou sur le site Web de notre fournisseur de services, nous contactez par t\u00e9l\u00e9phone ou par courrier \u00e9lectronique, ou publiez sur notre comptes de r\u00e9seaux sociaux.<\/p>\n<p>Selon les circonstances, les informations personnelles peuvent inclure votre pr\u00e9nom, votre nom, votre adresse \u00e9lectronique, votre num\u00e9ro de t\u00e9l\u00e9phone, un titre de poste, le nom de votre employeur et des informations de recrutement, telles que votre curriculum vitae et des informations concernant vos ant\u00e9c\u00e9dents professionnels.<\/p>\n<p>Nous collectons \u00e9galement des informations sur votre visite sur notre site Web. Ces informations peuvent inclure votre adresse IP, la date, l&rsquo;heure et la dur\u00e9e de vos visites, ainsi que les pages Web auxquelles vous avez acc\u00e9d\u00e9.<\/p>\n<p>Vous aurez peut-\u00eatre la possibilit\u00e9 d&rsquo;utiliser une fonction de parrainage pour informer un ami d&rsquo;un emploi. Vivasoftpro peut utiliser n&rsquo;importe quelle adresse e-mail fournie lors de l&rsquo;utilisation de cette fonction de parrainage pour envoyer un e-mail en votre nom \u00e0 ces destinataires d\u00e9sign\u00e9s concernant l&#8217;emploi particulier pour lequel vous avez indiqu\u00e9 que votre \u00ab ami \u00bb pourrait \u00eatre int\u00e9ress\u00e9. En utilisant une telle fonctionnalit\u00e9 de parrainage, vous d\u00e9clarez que vous avez la permission de fournir le pr\u00e9nom, le nom et l\u2019adresse e-mail de votre ami et de lui envoyer un message.<\/p>\n<p><strong>Sites Web et r\u00e9seaux sociaux de tiers<\/strong><\/p>\n<p>Vous avez la possibilit\u00e9 d&rsquo;acc\u00e9der \u00e0 certains services fournis par des tiers ou de postuler \u00e0 un emploi en utilisant votre nom d&rsquo;utilisateur et vos mots de passe pour certains services fournis par des tiers (chacun, un \u00ab\u00a0<strong>Service int\u00e9gr\u00e9<\/strong>\u00ab\u00a0), par exemple via l&rsquo;utilisation de votre compte Linkedin, Facebook\/Meta, Instagram ou Google, ou avoir autrement la possibilit\u00e9 d&rsquo;autoriser un service int\u00e9gr\u00e9 \u00e0 nous fournir des informations personnelles ou autres. En nous autorisant \u00e0 nous connecter \u00e0 un service int\u00e9gr\u00e9, vous nous autorisez \u00e0 acc\u00e9der et \u00e0 stocker votre nom, votre (vos) adresse(s) e-mail et autres informations que le service int\u00e9gr\u00e9 met \u00e0 notre disposition, et \u00e0 les utiliser et \u00e0 les divulguer conform\u00e9ment \u00e0 la pr\u00e9sente politique. Vous devez v\u00e9rifier vos param\u00e8tres de confidentialit\u00e9 sur chaque service int\u00e9gr\u00e9 pour comprendre quelles informations personnelles ce service int\u00e9gr\u00e9 met \u00e0 notre disposition et apporter les modifications appropri\u00e9es. Nous vous encourageons \u00e0 lire attentivement les conditions d&rsquo;utilisation et les politiques de confidentialit\u00e9 de chaque service int\u00e9gr\u00e9 avant d&rsquo;utiliser leurs services et de vous connecter via notre site Web et \u00e0 configurer votre profil pour garantir sa confidentialit\u00e9.<\/p>\n<p>Cette politique ne s\u2019applique pas aux services int\u00e9gr\u00e9s ou aux sites Web d\u2019autres tiers. Vivasoftpro n&rsquo;est donc pas responsable de leurs politiques, proc\u00e9dures ou pratiques de confidentialit\u00e9. Vous devez consulter les politiques de confidentialit\u00e9 des sites Web et des services int\u00e9gr\u00e9s de tiers pour obtenir des informations sur leurs pratiques en mati\u00e8re de confidentialit\u00e9.<\/p>\n<p><b style=\"color: var( --e-global-color-text ); text-align: var(--text-align);\"> <\/b><\/p>\n<p><strong>2. Utilisation des informations personnelles<\/strong><\/p>\n<p>Nous utilisons et divulguons vos informations personnelles principalement aux fins suivantes :<\/p>\n<ul>\n<li>pour fournir les services et informations que vous demandez, pour r\u00e9pondre \u00e0 vos commentaires et questions, et pour vous accompagner dans l&rsquo;utilisation du Site Internet ;<\/li>\n<li>\u00e0 des fins de recrutement ;<\/li>\n<li>faciliter l&rsquo;utilisation du site Web, g\u00e9rer, exploiter, maintenir, am\u00e9liorer et fournir toutes les fonctionnalit\u00e9s du site Web (y compris fournir l&rsquo;acc\u00e8s au site Web et \u00e0 son contenu, lutter contre le spam et le phishing, etc.), comprendre et analyser les informations de nos utilisateurs. les tendances et pr\u00e9f\u00e9rences d&rsquo;utilisation, et pour d\u00e9velopper de nouveaux produits et services ainsi que de nouvelles fonctionnalit\u00e9s ;<\/li>\n<li>\u00e0 des fins de marketing et de d\u00e9veloppement commercial ;<\/li>\n<li>g\u00e9rer les demandes d\u2019exercice des droits;<\/li>\n<li>pour communiquer avec vous conform\u00e9ment aux lois applicables; ou<\/li>\n<li>\u00e0 toute autre fin autoris\u00e9e ou requise par la loi.<\/li>\n<\/ul>\n<ol start=\"3\">\n<li>Divulgation et acc\u00e8s aux informations personnelles<\/li>\n<\/ol>\n<p>Les informations personnelles collect\u00e9es sont destin\u00e9es \u00e0 \u00eatre utilis\u00e9es par Vivasoftpro aux fins identifi\u00e9es ci-dessus. Nous prenons des mesures pour garantir que seuls les employ\u00e9s de Vivasoftpro d\u00fbment autoris\u00e9s et qui ont besoin d&rsquo;acc\u00e9der \u00e0 vos informations personnelles pour exercer leurs fonctions y ont acc\u00e8s.<\/p>\n<p>Vivasoftpro peut \u00e9galement partager vos informations personnelles avec des prestataires de services. Lorsque nous divulguons vos informations personnelles \u00e0 des prestataires de services, nous prenons des mesures raisonnables pour limiter les informations personnelles que nous leur fournissons \u00e0 celles qui sont n\u00e9cessaires \u00e0 l&rsquo;exercice de leurs fonctions et pour garantir que les r\u00e8gles \u00e9nonc\u00e9es dans la pr\u00e9sente Politique sont respect\u00e9es.<\/p>\n<p>En cas de changement de propri\u00e9taire, vente, fusion, liquidation, r\u00e9organisation ou acquisition de Vivasoftpro, en tout ou partie, vos informations personnelles pourront \u00eatre transf\u00e9r\u00e9es dans le cadre de la transaction.<\/p>\n<p><strong>4.Conservation des informations personnelles<\/strong><\/p>\n<p>Vivasoftpro conservera vos informations personnelles aussi longtemps que n\u00e9cessaire pour remplir les finalit\u00e9s \u00e9nonc\u00e9es dans la pr\u00e9sente Politique et pour se conformer \u00e0 ses obligations en vertu des lois, r\u00e9glementations ou arr\u00eat\u00e9s gouvernementaux applicables.<\/p>\n<p>Vos renseignements personnels peuvent \u00eatre stock\u00e9s et trait\u00e9s \u00e0 l&rsquo;ext\u00e9rieur du Qu\u00e9bec, dans les provinces ou pays o\u00f9 nous avons des installations ou o\u00f9 nous employons des prestataires de services tiers. Dans de tels cas, Vivasoftpro veillera \u00e0 ce que vos informations personnelles soient prot\u00e9g\u00e9es de mani\u00e8re ad\u00e9quate, notamment au regard du niveau de protection en vigueur dans le pays concern\u00e9 et des mesures mises en \u0153uvre pour pr\u00e9server leur s\u00e9curit\u00e9 et leur confidentialit\u00e9.<\/p>\n<p>En utilisant notre site Web, vous consentez \u00e0 la divulgation et au transfert de vos informations personnelles vers des provinces et des pays autres que votre province ou pays de r\u00e9sidence, o\u00f9 les r\u00e9glementations en mati\u00e8re de confidentialit\u00e9 peuvent diff\u00e9rer de celles de votre province ou pays de r\u00e9sidence. Lorsque les renseignements personnels se trouvent \u00e0 l&rsquo;ext\u00e9rieur de votre province ou pays de r\u00e9sidence, ils sont soumis aux lois de la province ou du pays dans lequel ils sont d\u00e9tenus et peuvent \u00eatre sujets \u00e0 divulgation aux gouvernements, tribunaux ou organismes d&rsquo;application de la loi ou de r\u00e9glementation de ces autre province ou pays conform\u00e9ment \u00e0 ces lois.<\/p>\n<p><strong>5. S\u00e9curit\u00e9 et politiques des informations personnelles<\/strong><\/p>\n<p>Vivasoftpro met en \u0153uvre toutes les mesures techniques, physiques et organisationnelles appropri\u00e9es \u00e0 la nature des informations personnelles et aux risques pr\u00e9sent\u00e9s par le traitement, pour pr\u00e9server la s\u00e9curit\u00e9 et la confidentialit\u00e9 de vos informations personnelles, notamment pour emp\u00eacher qu&rsquo;elles ne soient d\u00e9form\u00e9es, endommag\u00e9es ou que des tiers y aient acc\u00e8s. des tiers non autoris\u00e9s. Cependant, aucune mesure de s\u00e9curit\u00e9 n\u2019est absolue ou enti\u00e8rement garantie.<\/p>\n<p>Vivasoftpro a notamment mis en place des politiques encadrant l&rsquo;acc\u00e8s et la protection des informations personnelles par ses salari\u00e9s, soumis \u00e0 des obligations de confidentialit\u00e9. De plus, Vivasoftpro impose un niveau comparable de protection de la vie priv\u00e9e \u00e0 ses prestataires de services par des moyens contractuels et d&rsquo;autres mesures. Pour plus d\u2019informations, veuillez nous contacter aux coordonn\u00e9es d\u00e9taill\u00e9es ci-dessous.<\/p>\n<p><strong>6. Droits des personnes concern\u00e9es<\/strong><\/p>\n<p>Sur demande \u00e9crite et sous r\u00e9serve d&rsquo;un justificatif d&rsquo;identit\u00e9, vous pouvez introduire une demande d&rsquo;acc\u00e8s \u00e0 Vivasoftpro, c&rsquo;est-\u00e0-dire nous demander si nous traitons des informations personnelles et, le cas \u00e9ch\u00e9ant, demander l&rsquo;acc\u00e8s \u00e0 vos informations personnelles. Vous pouvez \u00e9galement soumettre une demande de rectification, c&rsquo;est-\u00e0-dire nous demander de corriger toute information personnelle incompl\u00e8te ou inexacte que nous d\u00e9tenons. Toutefois, pour garantir que les informations personnelles que nous conservons \u00e0 votre sujet sont exactes et \u00e0 jour, veuillez nous informer imm\u00e9diatement de toute modification apport\u00e9e \u00e0 vos informations personnelles.<\/p>\n<p>Vous pouvez retirer ou modifier votre consentement \u00e0 l&rsquo;utilisation ou \u00e0 la divulgation de vos informations personnelles en vertu de la pr\u00e9sente Politique (ou \u00e0 certaines utilisations ou divulgations) \u00e0 tout moment, sous r\u00e9serve des restrictions l\u00e9gales et contractuelles applicables.<\/p>\n<p>Pour exercer vos droits, veuillez nous contacter aux coordonn\u00e9es d\u00e9taill\u00e9es ci-dessous.<\/p>\n<p><strong>7. Utilisation des cookies<\/strong><\/p>\n<p>Notre site Web, comme la plupart des sites Web commerciaux, utilise des cookies. Les cookies sont de petits fichiers texte qui peuvent \u00eatre plac\u00e9s sur votre ordinateur ou votre navigateur pour m\u00e9moriser certaines informations sur votre visite et pour collecter des informations telles que vos pr\u00e9f\u00e9rences linguistiques, votre historique de navigation, ainsi que le type et la version du navigateur, le tout dans le but d&rsquo;optimiser votre exp\u00e9rience sur notre site. Site web.<\/p>\n<p>Nous utilisons principalement des cookies pour compiler des donn\u00e9es globales sur le trafic et les interactions sur notre site Web afin d&rsquo;am\u00e9liorer notre exp\u00e9rience et nos outils sur le site Web \u00e0 l&rsquo;avenir. Nous pouvons \u00e9galement utiliser les services de tiers de confiance pour collecter ces informations en notre nom.<\/p>\n<p>Vous pouvez param\u00e9trer vos appareils pour accepter tous les cookies, choisir que votre ordinateur vous avertisse \u00e0 chaque envoi d&rsquo;un cookie ou d\u00e9sactiver tous les cookies, \u00e0 l&rsquo;exception de ceux n\u00e9cessaires au fonctionnement du Site. La d\u00e9sactivation des cookies sur votre navigateur peut toutefois nuire \u00e0 votre exp\u00e9rience de navigation sur notre site Web.<\/p>\n<p><strong>8. Mise \u00e0 jour de la politique<\/strong><\/p>\n<p>Veuillez revisiter cette page p\u00e9riodiquement pour rester au courant de toute modification apport\u00e9e \u00e0 cette politique, que nous pouvons mettre \u00e0 jour de temps \u00e0 autre. Si nous modifions la Politique, nous la rendrons disponible sur le Site Web, en indiquant la date de la derni\u00e8re r\u00e9vision, et nous nous conformerons aux lois applicables. Votre utilisation continue du site Web apr\u00e8s l&rsquo;entr\u00e9e en vigueur de la politique r\u00e9vis\u00e9e indique que vous avez lu, compris et accept\u00e9 la version actuelle de la politique.<\/p>\n<p><strong>9. Coordonn\u00e9es<\/strong><\/p>\n<p>Si vous avez des questions ou des commentaires sur cette Politique ou vos informations personnelles, si vous souhaitez faire une demande d&rsquo;acc\u00e8s ou de correction, si vous souhaitez d\u00e9poser une plainte, ou si vous souhaitez obtenir des informations sur nos politiques et pratiques en mati\u00e8re de tout fournisseur de services situ\u00e9 \u00e0 l&rsquo;ext\u00e9rieur du Canada, vous pouvez contacter notre directeur de l&rsquo;information et vice-pr\u00e9sident, l&rsquo;ing\u00e9nieu TI de la fiabilit\u00e9 des sites, technologies de l&rsquo;information et syst\u00e8mes, agissant \u00e0 titre de responsable de la confidentialit\u00e9, par courriel \u00e0 <a href=\"mailto:legal@Vivasoftpro.com\" rel=\"noopener\">legal@Vivasoftpro.com<\/a>.<\/p>\n<p>De plus, si vous souhaitez d\u00e9poser une plainte relative \u00e0 la protection des renseignements personnels, vous pouvez contacter notre service juridique par courriel \u00e0 <a href=\"mailto:legal@Vivasoftpro.com\" rel=\"noopener\">legal@Vivasoftpro.com<\/a>.<\/p>\n<p>[Derni\u00e8re mise \u00e0 jour : novembre 2023]<\/p>\n\t\t\t\t\t\t<\/div>\n\t\t\t\t<\/div>\n\t\t\t\t\t<\/div>\n\t\t\t\t<\/div>\n\t\t\t\t<\/div>\n\t\t","protected":false},"excerpt":{"rendered":"<p>Votre partenaire pour l&rsquo;innovation logicielle. Vivasoftpro est le partenaire de choix de nombreuses grandes entreprises mondiales. Nous aidons les entreprises \u00e0 accro\u00eetre leur valeur gr\u00e2ce au d\u00e9veloppement de logiciels personnalis\u00e9s, \u00e0 la conception de produits, \u00e0 l&rsquo;assurance qualit\u00e9 et aux services de conseil.  <\/p>\n","protected":false},"author":2,"featured_media":5789,"parent":0,"menu_order":0,"comment_status":"closed","ping_status":"closed","template":"","meta":{"footnotes":""},"class_list":["post-5795","page","type-page","status-publish","has-post-thumbnail","hentry"],"_links":{"self":[{"href":"https:\/\/vivasoftpro.com\/fr\/wp-json\/wp\/v2\/pages\/5795","targetHints":{"allow":["GET"]}}],"collection":[{"href":"https:\/\/vivasoftpro.com\/fr\/wp-json\/wp\/v2\/pages"}],"about":[{"href":"https:\/\/vivasoftpro.com\/fr\/wp-json\/wp\/v2\/types\/page"}],"author":[{"embeddable":true,"href":"https:\/\/vivasoftpro.com\/fr\/wp-json\/wp\/v2\/users\/2"}],"replies":[{"embeddable":true,"href":"https:\/\/vivasoftpro.com\/fr\/wp-json\/wp\/v2\/comments?post=5795"}],"version-history":[{"count":10,"href":"https:\/\/vivasoftpro.com\/fr\/wp-json\/wp\/v2\/pages\/5795\/revisions"}],"predecessor-version":[{"id":6026,"href":"https:\/\/vivasoftpro.com\/fr\/wp-json\/wp\/v2\/pages\/5795\/revisions\/6026"}],"wp:featuredmedia":[{"embeddable":true,"href":"https:\/\/vivasoftpro.com\/fr\/wp-json\/wp\/v2\/media\/5789"}],"wp:attachment":[{"href":"https:\/\/vivasoftpro.com\/fr\/wp-json\/wp\/v2\/media?parent=5795"}],"curies":[{"name":"wp","href":"https:\/\/api.w.org\/{rel}","templated":true}]}}